{"id":7327,"date":"2023-09-16T13:47:59","date_gmt":"2023-09-16T13:47:59","guid":{"rendered":"https:\/\/scuolavideo.com\/?page_id=7327"},"modified":"2024-06-09T20:09:52","modified_gmt":"2024-06-09T20:09:52","slug":"teoria-6-ita-spa","status":"publish","type":"page","link":"https:\/\/scuolavideo.com\/es\/teoria-6-ita-spa\/","title":{"rendered":"Teoria 6 Ita-Spa"},"content":{"rendered":"\n<p><strong>Italian Driving License A &amp; B Theory Course in Spa-Italiano<\/strong><\/p>\n\n\n\n<p><strong>6- Se\u00f1ales horizantales y se\u00f1ales con obst\u00e1culos (Segnaletica orizzontale e segni sugli ostacoli)<\/strong><\/p>\n\n\n\n<p>Teoria 6 Ita-Spa<\/p>\n\n\n<a href=\"https:\/\/scuolavideo.com\/wp-content\/uploads\/2024\/06\/6-Teoria-Marcas-viales-y-senales-sobre-obstaculos.pdf\" class=\"pdfemb-viewer\" style=\"\" data-width=\"max\" data-height=\"max\" data-toolbar=\"both\" data-toolbar-fixed=\"on\">6-Teoria-Marcas-viales-y-senales-sobre-obstaculos<\/a>","protected":false},"excerpt":{"rendered":"<p>Italian Driving License A &amp; B Theory Course in Spa-Italiano 6- Se\u00f1ales horizantales y se\u00f1ales con obst\u00e1culos (Segnaletica<\/p>\n","protected":false},"author":150,"featured_media":0,"parent":0,"menu_order":0,"comment_status":"closed","ping_status":"closed","template":"","meta":{"om_disable_all_campaigns":false,"_monsterinsights_skip_tracking":false,"_monsterinsights_sitenote_active":false,"_monsterinsights_sitenote_note":"","_monsterinsights_sitenote_category":0,"_uf_show_specific_survey":0,"_uf_disable_surveys":false,"_tutorstarter_page_metadata":[],"footnotes":""},"class_list":["post-7327","page","type-page","status-publish","hentry"],"_links":{"self":[{"href":"https:\/\/scuolavideo.com\/es\/wp-json\/wp\/v2\/pages\/7327","targetHints":{"allow":["GET"]}}],"collection":[{"href":"https:\/\/scuolavideo.com\/es\/wp-json\/wp\/v2\/pages"}],"about":[{"href":"https:\/\/scuolavideo.com\/es\/wp-json\/wp\/v2\/types\/page"}],"author":[{"embeddable":true,"href":"https:\/\/scuolavideo.com\/es\/wp-json\/wp\/v2\/users\/150"}],"replies":[{"embeddable":true,"href":"https:\/\/scuolavideo.com\/es\/wp-json\/wp\/v2\/comments?post=7327"}],"version-history":[{"count":2,"href":"https:\/\/scuolavideo.com\/es\/wp-json\/wp\/v2\/pages\/7327\/revisions"}],"predecessor-version":[{"id":13558,"href":"https:\/\/scuolavideo.com\/es\/wp-json\/wp\/v2\/pages\/7327\/revisions\/13558"}],"wp:attachment":[{"href":"https:\/\/scuolavideo.com\/es\/wp-json\/wp\/v2\/media?parent=7327"}],"curies":[{"name":"wp","href":"https:\/\/api.w.org\/{rel}","templated":true}]}}