{"id":12965,"date":"2023-09-16T13:14:22","date_gmt":"2023-09-16T13:14:22","guid":{"rendered":"https:\/\/scuolavideo.com\/quiz-3-italian-spanish\/"},"modified":"2024-03-06T11:11:40","modified_gmt":"2024-03-06T11:11:40","slug":"quiz-2-italian-spanish-2","status":"publish","type":"page","link":"https:\/\/scuolavideo.com\/es\/quiz-2-italian-spanish-2\/","title":{"rendered":"Lista de Quiz 2: Se\u00f1al de Prohibici\u00f3n"},"content":{"rendered":"\n<p><strong>Licencia de Conducir Italiana A y B Curso Te\u00f3rico en Espa\u00f1ol-Italiano<\/strong><\/p>\n\n\n\n<p><strong>2- Se\u00f1al de Prohibici\u00f3n (Segnali di divieto)<\/strong><\/p>\n\n\n\n<p>Quiz 3 Ita-Spa<\/p>\n\n\n<a href=\"https:\/\/scuolavideo.com\/wp-content\/uploads\/2022\/12\/3.-Quiz-Signos-de-prohibicion.pdf\" class=\"pdfemb-viewer\" style=\"\" data-width=\"max\" data-height=\"max\" data-toolbar=\"both\" data-toolbar-fixed=\"on\">3.-Quiz-Signos-de-prohibicion<\/a>","protected":false},"excerpt":{"rendered":"<p>Licencia de Conducir Italiana A y B Curso Te\u00f3rico en Espa\u00f1ol-Italiano 2- Se\u00f1al de Prohibici\u00f3n (Segnali di divieto)<\/p>\n","protected":false},"author":150,"featured_media":0,"parent":0,"menu_order":0,"comment_status":"closed","ping_status":"closed","template":"","meta":{"om_disable_all_campaigns":false,"_monsterinsights_skip_tracking":false,"_monsterinsights_sitenote_active":false,"_monsterinsights_sitenote_note":"","_monsterinsights_sitenote_category":0,"_uf_show_specific_survey":0,"_uf_disable_surveys":false,"_tutorstarter_page_metadata":[],"footnotes":""},"class_list":["post-12965","page","type-page","status-publish","hentry"],"_links":{"self":[{"href":"https:\/\/scuolavideo.com\/es\/wp-json\/wp\/v2\/pages\/12965","targetHints":{"allow":["GET"]}}],"collection":[{"href":"https:\/\/scuolavideo.com\/es\/wp-json\/wp\/v2\/pages"}],"about":[{"href":"https:\/\/scuolavideo.com\/es\/wp-json\/wp\/v2\/types\/page"}],"author":[{"embeddable":true,"href":"https:\/\/scuolavideo.com\/es\/wp-json\/wp\/v2\/users\/150"}],"replies":[{"embeddable":true,"href":"https:\/\/scuolavideo.com\/es\/wp-json\/wp\/v2\/comments?post=12965"}],"version-history":[{"count":8,"href":"https:\/\/scuolavideo.com\/es\/wp-json\/wp\/v2\/pages\/12965\/revisions"}],"predecessor-version":[{"id":13352,"href":"https:\/\/scuolavideo.com\/es\/wp-json\/wp\/v2\/pages\/12965\/revisions\/13352"}],"wp:attachment":[{"href":"https:\/\/scuolavideo.com\/es\/wp-json\/wp\/v2\/media?parent=12965"}],"curies":[{"name":"wp","href":"https:\/\/api.w.org\/{rel}","templated":true}]}}